{"id":187,"date":"2022-05-19T08:58:42","date_gmt":"2022-05-19T08:58:42","guid":{"rendered":"https:\/\/www.annabursell.com\/?page_id=187"},"modified":"2022-06-27T08:59:22","modified_gmt":"2022-06-27T08:59:22","slug":"om-kontakt","status":"publish","type":"page","link":"https:\/\/www.annabursell.com\/en\/om-kontakt\/","title":{"rendered":"Om Kontakt"},"content":{"rendered":"<div data-elementor-type=\"wp-page\" data-elementor-id=\"187\" class=\"elementor elementor-187\">\n\t\t\t\t\t\t\t\t\t<section data-particle_enable=\"false\" data-particle-mobile-disabled=\"false\" class=\"elementor-section elementor-top-section elementor-element elementor-element-9167ad0 elementor-section-height-min-height elementor-section-boxed elementor-section-height-default elementor-section-items-middle\" data-id=\"9167ad0\" data-element_type=\"section\" data-settings=\"{&quot;background_background&quot;:&quot;classic&quot;}\">\n\t\t\t\t\t\t<div class=\"elementor-container elementor-column-gap-default\">\n\t\t\t\t\t<div class=\"elementor-column elementor-col-100 elementor-top-column elementor-element elementor-element-973ffae\" data-id=\"973ffae\" data-element_type=\"column\">\n\t\t\t<div class=\"elementor-widget-wrap\">\n\t\t\t\t\t\t\t\t\t<\/div>\n\t\t<\/div>\n\t\t\t\t\t\t\t<\/div>\n\t\t<\/section>\n\t\t\t\t<section data-particle_enable=\"false\" data-particle-mobile-disabled=\"false\" class=\"elementor-section elementor-top-section elementor-element elementor-element-3433903 elementor-section-boxed elementor-section-height-default elementor-section-height-default\" data-id=\"3433903\" data-element_type=\"section\" data-settings=\"{&quot;background_background&quot;:&quot;gradient&quot;}\">\n\t\t\t\t\t\t<div class=\"elementor-container elementor-column-gap-wide\">\n\t\t\t\t\t<div class=\"elementor-column elementor-col-50 elementor-top-column elementor-element elementor-element-0471524\" data-id=\"0471524\" data-element_type=\"column\">\n\t\t\t<div class=\"elementor-widget-wrap elementor-element-populated\">\n\t\t\t\t\t\t\t\t<div class=\"elementor-element elementor-element-653c024 elementor-widget elementor-widget-heading\" data-id=\"653c024\" data-element_type=\"widget\" data-widget_type=\"heading.default\">\n\t\t\t\t<div class=\"elementor-widget-container\">\n\t\t\t<style>\/*! elementor - v3.8.1 - 13-11-2022 *\/\n.elementor-heading-title{padding:0;margin:0;line-height:1}.elementor-widget-heading .elementor-heading-title[class*=elementor-size-]>a{color:inherit;font-size:inherit;line-height:inherit}.elementor-widget-heading .elementor-heading-title.elementor-size-small{font-size:15px}.elementor-widget-heading .elementor-heading-title.elementor-size-medium{font-size:19px}.elementor-widget-heading .elementor-heading-title.elementor-size-large{font-size:29px}.elementor-widget-heading .elementor-heading-title.elementor-size-xl{font-size:39px}.elementor-widget-heading .elementor-heading-title.elementor-size-xxl{font-size:59px}<\/style><h2 class=\"elementor-heading-title elementor-size-default\">About Anna<\/h2>\t\t<\/div>\n\t\t\t\t<\/div>\n\t\t\t\t<div class=\"elementor-element elementor-element-b9dc499 elementor-widget elementor-widget-text-editor\" data-id=\"b9dc499\" data-element_type=\"widget\" data-widget_type=\"text-editor.default\">\n\t\t\t\t<div class=\"elementor-widget-container\">\n\t\t\t<style>\/*! elementor - v3.8.1 - 13-11-2022 *\/\n.elementor-widget-text-editor.elementor-drop-cap-view-stacked .elementor-drop-cap{background-color:#818a91;color:#fff}.elementor-widget-text-editor.elementor-drop-cap-view-framed .elementor-drop-cap{color:#818a91;border:3px solid;background-color:transparent}.elementor-widget-text-editor:not(.elementor-drop-cap-view-default) .elementor-drop-cap{margin-top:8px}.elementor-widget-text-editor:not(.elementor-drop-cap-view-default) .elementor-drop-cap-letter{width:1em;height:1em}.elementor-widget-text-editor .elementor-drop-cap{float:left;text-align:center;line-height:1;font-size:50px}.elementor-widget-text-editor .elementor-drop-cap-letter{display:inline-block}<\/style>\t\t\t\t<p>Anna specializes in how to find wellbeing in the midst of stress\/depression\/trauma. She removes blockages whatever may be that stands in the way of your well-being such as; relationship, career, heartaches, trauma, childhood memories, smoking or unhealthy relationship with food, etc.<br \/>\u200b<br \/>Anna Bursell is the first-ever to finally discover\u00a0why\u00a0we get\npostpartum depression and the 6 major risk factors. Above all, she\nteaches what you can do to feel wellness in trauma\/depression from\na holistic approach.<br \/>\u200b<br \/>Anna gives you guidance to reach your personal goals, to evolve\nand find your purpose and freedom that lies within you, with great\ndiscretion and confidentiality of course.\u00a0 A session is always a safe\nspace without judgment.<\/p><p>With a wide background in different businesses from helping\norganizations that free children from human trafficking, head of\nmarketing, business developer, project manager, speaker, NLP\nHypnotist, educated in advanced trauma treatment and\u00a0as a\nprofessional international licensed Coach she brings knowledge\nwith an ejection of heart to everything she does and that is the\nsecret to her success.\u200b<\/p><p>Using the integration of professional Coaching, Sience, NLP\nHypnosis, and Eastern philosophy with specialties in Parenting and\nHealthcare staff. Using her own developed ToM Energy Release\u00a0\u2122- techniques. ToM stands for Theory of Mind and is the part of the brain that keeps your ability to attribute mental states, beliefs,\u00a0intents,\u00a0desires,\u00a0emotions,\u00a0knowledge, etc.\u2014to oneself, and to others, and to understand that others have beliefs,\ndesires, intentions, and perspectives that are different from one's own.\u00a0<\/p>\t\t\t\t\t\t<\/div>\n\t\t\t\t<\/div>\n\t\t\t\t<div class=\"elementor-element elementor-element-398fb28 elementor-widget elementor-widget-image\" data-id=\"398fb28\" data-element_type=\"widget\" data-widget_type=\"image.default\">\n\t\t\t\t<div class=\"elementor-widget-container\">\n\t\t\t<style>\/*! elementor - v3.8.1 - 13-11-2022 *\/\n.elementor-widget-image{text-align:center}.elementor-widget-image a{display:inline-block}.elementor-widget-image a img[src$=\".svg\"]{width:48px}.elementor-widget-image img{vertical-align:middle;display:inline-block}<\/style>\t\t\t\t\t\t\t\t\t\t\t\t<img loading=\"lazy\" decoding=\"async\" width=\"631\" height=\"1024\" src=\"https:\/\/www.annabursell.com\/wp-content\/uploads\/2022\/05\/4-631x1024.png\" class=\"attachment-large size-large\" alt=\"\" srcset=\"https:\/\/www.annabursell.com\/wp-content\/uploads\/2022\/05\/4-631x1024.png 631w, https:\/\/www.annabursell.com\/wp-content\/uploads\/2022\/05\/4-185x300.png 185w, https:\/\/www.annabursell.com\/wp-content\/uploads\/2022\/05\/4-768x1246.png 768w, https:\/\/www.annabursell.com\/wp-content\/uploads\/2022\/05\/4-947x1536.png 947w, https:\/\/www.annabursell.com\/wp-content\/uploads\/2022\/05\/4.png 987w\" sizes=\"auto, (max-width: 631px) 100vw, 631px\" \/>\t\t\t\t\t\t\t\t\t\t\t\t\t\t\t<\/div>\n\t\t\t\t<\/div>\n\t\t\t\t\t<\/div>\n\t\t<\/div>\n\t\t\t\t<div class=\"elementor-column elementor-col-50 elementor-top-column elementor-element elementor-element-bb6bc40\" data-id=\"bb6bc40\" data-element_type=\"column\">\n\t\t\t<div class=\"elementor-widget-wrap elementor-element-populated\">\n\t\t\t\t\t\t\t\t<div class=\"elementor-element elementor-element-3e0cd87 elementor-widget elementor-widget-image\" data-id=\"3e0cd87\" data-element_type=\"widget\" data-widget_type=\"image.default\">\n\t\t\t\t<div class=\"elementor-widget-container\">\n\t\t\t\t\t\t\t\t\t\t\t\t\t\t\t<img loading=\"lazy\" decoding=\"async\" width=\"736\" height=\"1024\" src=\"https:\/\/www.annabursell.com\/wp-content\/uploads\/2022\/05\/9-736x1024.png\" class=\"attachment-large size-large\" alt=\"\" srcset=\"https:\/\/www.annabursell.com\/wp-content\/uploads\/2022\/05\/9-736x1024.png 736w, https:\/\/www.annabursell.com\/wp-content\/uploads\/2022\/05\/9-215x300.png 215w, https:\/\/www.annabursell.com\/wp-content\/uploads\/2022\/05\/9-768x1069.png 768w, https:\/\/www.annabursell.com\/wp-content\/uploads\/2022\/05\/9-1103x1536.png 1103w, https:\/\/www.annabursell.com\/wp-content\/uploads\/2022\/05\/9-1471x2048.png 1471w, https:\/\/www.annabursell.com\/wp-content\/uploads\/2022\/05\/9.png 1800w\" sizes=\"auto, (max-width: 736px) 100vw, 736px\" \/>\t\t\t\t\t\t\t\t\t\t\t\t\t\t\t<\/div>\n\t\t\t\t<\/div>\n\t\t\t\t<div class=\"elementor-element elementor-element-cbc3398 elementor-widget elementor-widget-heading\" data-id=\"cbc3398\" data-element_type=\"widget\" data-widget_type=\"heading.default\">\n\t\t\t\t<div class=\"elementor-widget-container\">\n\t\t\t<h4 class=\"elementor-heading-title elementor-size-default\">Education<\/h4>\t\t<\/div>\n\t\t\t\t<\/div>\n\t\t\t\t<div class=\"elementor-element elementor-element-6e30bab elementor-widget elementor-widget-text-editor\" data-id=\"6e30bab\" data-element_type=\"widget\" data-widget_type=\"text-editor.default\">\n\t\t\t\t<div class=\"elementor-widget-container\">\n\t\t\t\t\t\t\t<ul class=\"font_8\"><li><p class=\"font_8\">Clinical Trauma Specialist - Arizona Trauma Institute<\/p><\/li><li><p class=\"font_8\">ICF International Certified Coach<\/p><\/li><li><p class=\"font_8\">NLP Hypnotist \u2013 Dr Richard Bandler &amp; Paul McKenna, London<\/p><\/li><li><p class=\"font_8\">Advanced Training for Trauma Treatment of Complex PTSD \u2013 Arizona Trauma Institute<\/p><\/li><li><p class=\"font_8\">Certified Hypnotherapist<\/p><\/li><li><p class=\"font_8\">Trauma Treatment with Interoception and Body-based awareness \u2013 Arizona Trauma Institute<\/p><\/li><li><p class=\"font_8\">Grief Counseling and Treatment in a Pandemic of Loss<\/p><\/li><li><p class=\"font_8\">The Sience of Well-Being \u2013 Yale University<\/p><\/li><li><p class=\"font_8\">Hennes l\u00e4rare \u00e4r m\u00e5nga: v\u00e4rldsk\u00e4nda Eckhart Tolle &#8221;The Power off Now, \u00a0The Eckhart Tolle School of Awakening\u00a0 etc<\/p><\/li><li><p class=\"font_8\">Dr Dan Siegel, \u00a012 Revolutionary Strategies to Nurture Your Child\u2019s Developing Mind etc<\/p><\/li><li><p class=\"font_8\">Dr Shefali \u2013 Conscious parenting level 1 &amp; 2, The Year of the Awakened Heart etc<\/p><\/li><li><p class=\"font_8\">EMDR \u2013 Eye Movement Desensitization and Reprocessing, to name a few courses<\/p><\/li><\/ul><p class=\"font_8\"><span class=\"wixGuard\">\u200b<\/span>\u200b<\/p><p class=\"font_8\">Anna incorporates all her teachers knowledge and her own experience, special techniques and wisdom in her coaching practice. Her biggest inspiration is mothers and her biggest teacher is her child.<br \/>Hennes st\u00f6rsta inspiration i livet \u00e4r m\u00f6drar och hennes st\u00f6rsta l\u00e4rare \u00e4r hennes barn.<\/p>\t\t\t\t\t\t<\/div>\n\t\t\t\t<\/div>\n\t\t\t\t\t<\/div>\n\t\t<\/div>\n\t\t\t\t\t\t\t<\/div>\n\t\t<\/section>\n\t\t\t\t<section data-particle_enable=\"false\" data-particle-mobile-disabled=\"false\" class=\"elementor-section elementor-top-section elementor-element elementor-element-8549d3c elementor-section-boxed elementor-section-height-default elementor-section-height-default\" data-id=\"8549d3c\" data-element_type=\"section\">\n\t\t\t\t\t\t<div class=\"elementor-container elementor-column-gap-default\">\n\t\t\t\t\t<div class=\"elementor-column elementor-col-100 elementor-top-column elementor-element elementor-element-66591fb\" data-id=\"66591fb\" data-element_type=\"column\">\n\t\t\t<div class=\"elementor-widget-wrap elementor-element-populated\">\n\t\t\t\t\t\t\t\t<div class=\"elementor-element elementor-element-d765fb4 elementor-widget elementor-widget-heading\" data-id=\"d765fb4\" data-element_type=\"widget\" data-widget_type=\"heading.default\">\n\t\t\t\t<div class=\"elementor-widget-container\">\n\t\t\t<h3 class=\"elementor-heading-title elementor-size-default\">Why Anna became a professional Hypnotherapist, Coach &amp; Trauma Specialist<\/h3>\t\t<\/div>\n\t\t\t\t<\/div>\n\t\t\t\t<div class=\"elementor-element elementor-element-3d07c3d elementor-widget elementor-widget-text-editor\" data-id=\"3d07c3d\" data-element_type=\"widget\" data-widget_type=\"text-editor.default\">\n\t\t\t\t<div class=\"elementor-widget-container\">\n\t\t\t\t\t\t\t<p>\u201cGiving birth in one of the world\u00b4s safest countries should be a\npleasant experience, mine was not. \u00a0It caused me severe pain that\nthe doctor caused brain fluid leakage in my back, tore my abdomen,\ncut me open, and lack of treatment gave me a near death\nexperience that led to physical and mental problems, including high\nlevel of Post Traumatic Stress Syndrome, Postpartum depression\nand chronic Insomnia. Hormonally I was in menopause. Experts in\nseveral countries tried to help but found no solution. Giving up was\nnot a solution for me. With no support it has been a long way back.\nTo become a mother in these terms was the biggest challenge of\nmy life. To pave the way and help mothers and to give children the\nbest conditions in Life, is my calling. To finally be able to answer the\nquestion on why and how we get Postpartum depression and to\ngive tools to feel wellness is a blessing. To bring back the joy of\ngiving birth and the gift of raising your self alongside your child.<br \/>Tillsammans hittar vi din v\u00e4g. Hur kan du fr\u00e5ga? Genom att kn\u00e4cka dina individuella koder som jag kallar det. Dina m\u00f6nster, tro, ditt bagage och f\u00f6rvandla dem till g\u00e5vor.<br \/>\u200b<br \/>Men livet stod inte stilla under dessa \u00e5r och min pappa blev allvarligt sjuk, n\u00e4r han \u00e4ntligen hade \u00e5terh\u00e4mtat sig blev min mamma snabbt sjuk med d\u00f6dlig cancer. Att vara d\u00e4r vid hennes sida sin sista tid \u00e4r obeskrivligt. Min sj\u00e4l och mitt hj\u00e4rta kommer aldrig att bli samma igen.<br \/>Min \u00e4lskade mamma l\u00e4rde mig om livets komplexitet \u00e4nda tills hennes sista andetag och hennes arv av k\u00e4rlek lever f\u00f6r evigt.<\/p><p>This is\u00a0why\u00a0I started to do research and to\ndevelop techniques.\u00a0 We have the right to feel wellness no matter\nwhat challenges we face and it is possible, my life exists because of\nit. You deserve to feel wellness regardless, and I do not mean that\nyou should not feel your feelings, we should but we should not stay\nin what makes us feel bad, we need to feel it and then use it to grow\nand become stronger. We take back power over our wellbeing, we\nno longer give power to what \/ they who are causing us pain. My\njob, to see my client's eyes go from dark to sparkeling light is an\n\nhonor. Truly. To see their blockages no matter what, relationship,\nwork, grief let go and make room for prosperity is magical to\nwitness. I call my clients stars because that's exactly what they are.\u201d<\/p><p>Alla dessa erfarenheter har ocks\u00e5 lett till samma tanke f\u00f6r mig &#8221;vi kan inte ha det s\u00e5 h\u00e4r&#8221;. Vi kan inte f\u00f6da barn p\u00e5 det h\u00e4r s\u00e4ttet, var \u00e4r hj\u00e4rtat? Var \u00e4r medk\u00e4nslan? Var \u00e4r v\u00e4rdet? Vi kan inte behandlas p\u00e5 detta s\u00e4tt om vi f\u00e5r missfall. Vi kan inte d\u00f6 p\u00e5 det h\u00e4r s\u00e4ttet. Vi kan inte ha en relation med oss \u200b\u200bsj\u00e4lva och andra som skapar mer lidande. H\u00e4lso\/r\u00e4ddnings- och sjukv\u00e5rdspersonal som \u00e4gnar sina liv \u00e5t att hj\u00e4lpa andra ska inte br\u00e4nnas ut. Den psykiska oh\u00e4lsan i v\u00e4rlden, i v\u00e5rt samh\u00e4lle \u00e4r inte n\u00e5got vi b\u00f6r se bort fr\u00e5n, den \u00e4r d\u00e4r och nu \u00e4r det dags att vi tittar p\u00e5 varf\u00f6r den finns, det \u00e4r inte nytt, det \u00e4r inget &#8221;fel&#8221; med v\u00e5ra yngre generationer. De \u00e4r b\u00e4rare av generationstrauma och speglar det tillbaka, som du ocks\u00e5 gjorde\/g\u00f6r. Men vi \u00e4rver ocks\u00e5 styrkor och g\u00e5van att utvecklas, gl\u00f6m inte det. Situationen \/ traumat \u00e4r tillr\u00e4ckligt, inget extra lidande beh\u00f6vs som l\u00e4ggs p\u00e5 idag. V\u00e5rt system fungerar inte och tystnadskulturen slutar nu! Det \u00e4r anledningen till att jag b\u00f6rjade g\u00f6ra studier och utveckla tekniker. Vi har r\u00e4tt att k\u00e4nna v\u00e4lm\u00e5ende oavsett vilka utmaningar vi m\u00f6ter och det \u00e4r m\u00f6jligt, mitt liv finns p\u00e5 grund av det. Du f\u00f6rtj\u00e4nar att k\u00e4nna v\u00e4lm\u00e5ende oavsett, och jag menar inte att du inte ska k\u00e4nna dina k\u00e4nslor, vi beh\u00f6ver k\u00e4nna dom alla men vi ska inte stanna kvar i det som f\u00e5r oss att m\u00e5 d\u00e5ligt, vi m\u00e5ste k\u00e4nna det och sedan anv\u00e4nda det f\u00f6r att v\u00e4xa och bli starkare. Vi tar tillbaka makten \u00f6ver v\u00e5rt v\u00e4lm\u00e5ende, vi ger inte l\u00e4ngre kraft till det \/ de som orsakar oss sm\u00e4rta. Mitt jobb, att se min klients \u00f6gon g\u00e5 fr\u00e5n m\u00f6rker till gnistrande ljus \u00e4r en \u00e4ra. Verkligen. Att se deras blockeringar oavsett vad, f\u00f6rh\u00e5llande, arbete, sorg sl\u00e4ppa taget och g\u00f6ra plats f\u00f6r v\u00e4lm\u00e5ende \u00e4r magiskt att bevittna. Jag kallar mina kunder stj\u00e4rnor f\u00f6r det \u00e4r precis vad de \u00e4r. \u201d<\/p>\t\t\t\t\t\t<\/div>\n\t\t\t\t<\/div>\n\t\t\t\t<div class=\"elementor-element elementor-element-505ae4e elementor-widget elementor-widget-text-editor\" data-id=\"505ae4e\" data-element_type=\"widget\" data-widget_type=\"text-editor.default\">\n\t\t\t\t<div class=\"elementor-widget-container\">\n\t\t\t\t\t\t\t<p style=\"text-align: center;\">The question is, are you ready to expand your wellbeing?<\/p>\t\t\t\t\t\t<\/div>\n\t\t\t\t<\/div>\n\t\t\t\t<div class=\"elementor-element elementor-element-2a8f2b6 elementor-widget elementor-widget-text-editor\" data-id=\"2a8f2b6\" data-element_type=\"widget\" data-widget_type=\"text-editor.default\">\n\t\t\t\t<div class=\"elementor-widget-container\">\n\t\t\t\t\t\t\t<p style=\"text-align: center;\">You can schedule a private session to see her in her Helsingborg,\nSweden office or schedule a Hypnosis\/Coaching sesson online Zoom in the booking calender.<\/p>\t\t\t\t\t\t<\/div>\n\t\t\t\t<\/div>\n\t\t\t\t\t<\/div>\n\t\t<\/div>\n\t\t\t\t\t\t\t<\/div>\n\t\t<\/section>\n\t\t\t\t<section data-particle_enable=\"false\" data-particle-mobile-disabled=\"false\" class=\"elementor-section elementor-top-section elementor-element elementor-element-83ea0e9 elementor-section-boxed elementor-section-height-default elementor-section-height-default\" data-id=\"83ea0e9\" data-element_type=\"section\" data-settings=\"{&quot;background_background&quot;:&quot;gradient&quot;}\">\n\t\t\t\t\t\t\t<div class=\"elementor-background-overlay\"><\/div>\n\t\t\t\t\t\t\t<div class=\"elementor-container elementor-column-gap-wide\">\n\t\t\t\t\t<div class=\"elementor-column elementor-col-50 elementor-top-column elementor-element elementor-element-9e00826\" data-id=\"9e00826\" data-element_type=\"column\">\n\t\t\t<div class=\"elementor-widget-wrap elementor-element-populated\">\n\t\t\t\t\t\t\t\t<div class=\"elementor-element elementor-element-1c7cb2e elementor-position-top elementor-vertical-align-top elementor-widget elementor-widget-image-box\" data-id=\"1c7cb2e\" data-element_type=\"widget\" data-widget_type=\"image-box.default\">\n\t\t\t\t<div class=\"elementor-widget-container\">\n\t\t\t<style>\/*! elementor - v3.8.1 - 13-11-2022 *\/\n.elementor-widget-image-box .elementor-image-box-content{width:100%}@media (min-width:768px){.elementor-widget-image-box.elementor-position-left .elementor-image-box-wrapper,.elementor-widget-image-box.elementor-position-right .elementor-image-box-wrapper{display:-webkit-box;display:-ms-flexbox;display:flex}.elementor-widget-image-box.elementor-position-right .elementor-image-box-wrapper{text-align:right;-webkit-box-orient:horizontal;-webkit-box-direction:reverse;-ms-flex-direction:row-reverse;flex-direction:row-reverse}.elementor-widget-image-box.elementor-position-left .elementor-image-box-wrapper{text-align:left;-webkit-box-orient:horizontal;-webkit-box-direction:normal;-ms-flex-direction:row;flex-direction:row}.elementor-widget-image-box.elementor-position-top .elementor-image-box-img{margin:auto}.elementor-widget-image-box.elementor-vertical-align-top .elementor-image-box-wrapper{-webkit-box-align:start;-ms-flex-align:start;align-items:flex-start}.elementor-widget-image-box.elementor-vertical-align-middle .elementor-image-box-wrapper{-webkit-box-align:center;-ms-flex-align:center;align-items:center}.elementor-widget-image-box.elementor-vertical-align-bottom .elementor-image-box-wrapper{-webkit-box-align:end;-ms-flex-align:end;align-items:flex-end}}@media (max-width:767px){.elementor-widget-image-box .elementor-image-box-img{margin-left:auto!important;margin-right:auto!important;margin-bottom:15px}}.elementor-widget-image-box .elementor-image-box-img{display:inline-block}.elementor-widget-image-box .elementor-image-box-title a{color:inherit}.elementor-widget-image-box .elementor-image-box-wrapper{text-align:center}.elementor-widget-image-box .elementor-image-box-description{margin:0}<\/style><div class=\"elementor-image-box-wrapper\"><figure class=\"elementor-image-box-img\"><img loading=\"lazy\" decoding=\"async\" width=\"938\" height=\"766\" src=\"https:\/\/www.annabursell.com\/wp-content\/uploads\/2022\/05\/image-1.png\" class=\"attachment-full size-full\" alt=\"\" \/><\/figure><div class=\"elementor-image-box-content\"><h4 class=\"elementor-image-box-title\">Anna about Paul McKenna &amp; Dr Richard Bandler<\/h4><p class=\"elementor-image-box-description\">\u201cThe first time I saw Paul McKenna hypnotize people was on TV in the 90&#039;s. Even then, I\nwas very curious about how hypnosis worked. To be educated by both the amazing Paul\nMcKenna &amp; the fantastic co-founder of NLP Dr Richard Bandler was a dream! Being able\nto combine this with coaching and with my own technique has taken me and my clients&#039;\nwellbeing to a much higher level!\u201d\n\u200b\nWhat is NLP? Click here!<\/p><\/div><\/div>\t\t<\/div>\n\t\t\t\t<\/div>\n\t\t\t\t\t<\/div>\n\t\t<\/div>\n\t\t\t\t<div class=\"elementor-column elementor-col-50 elementor-top-column elementor-element elementor-element-a6a3f2d\" data-id=\"a6a3f2d\" data-element_type=\"column\">\n\t\t\t<div class=\"elementor-widget-wrap elementor-element-populated\">\n\t\t\t\t\t\t\t\t<div class=\"elementor-element elementor-element-1a15812 elementor-position-top elementor-vertical-align-top elementor-widget elementor-widget-image-box\" data-id=\"1a15812\" data-element_type=\"widget\" data-widget_type=\"image-box.default\">\n\t\t\t\t<div class=\"elementor-widget-container\">\n\t\t\t<div class=\"elementor-image-box-wrapper\"><figure class=\"elementor-image-box-img\"><img loading=\"lazy\" decoding=\"async\" width=\"794\" height=\"646\" src=\"https:\/\/www.annabursell.com\/wp-content\/uploads\/2022\/05\/image-2.png\" class=\"attachment-full size-full\" alt=\"\" \/><\/figure><div class=\"elementor-image-box-content\"><h4 class=\"elementor-image-box-title\">Anna about Eckhart Tolle<\/h4><p class=\"elementor-image-box-description\">\"As one of the blessed ones that recievde shollorship for Eckhard's teachings,\u00a0I\u00b4m\nforever grateful for him beliving in me and to his never ending teachings to fully\nunderstand the power of living in the Now. He is able to be modest in a loud world, to be comical in the seriousness and he is able to take his time in this faste paces world is amazing. One of the biggest lessons I have learned is to see the moment as it is without\nreferring to the past\"<\/p><\/div><\/div>\t\t<\/div>\n\t\t\t\t<\/div>\n\t\t\t\t\t<\/div>\n\t\t<\/div>\n\t\t\t\t\t\t\t<\/div>\n\t\t<\/section>\n\t\t\t\t\t\t\t<\/div>","protected":false},"excerpt":{"rendered":"<p>Om Anna Anna \u00e4r specialiserad p\u00e5 hur man hittar v\u00e4lm\u00e5ende mitt i stress\/depression\/trauma. Hon tar bort blockeringar vad som \u00e4n kan vara som st\u00e5r i v\u00e4gen f\u00f6r ditt v\u00e4lbefinnande s\u00e5 som; relation, karri\u00e4r, hj\u00e4rtesorg, trauma, barndomsminnen, r\u00f6kning eller oh\u00e4lsosam relation till mat etc.\u200bAnna Bursell \u00e4r den f\u00f6rsta n\u00e5gonsin som \u00e4ntligen uppt\u00e4ckt varf\u00f6r vi f\u00e5r f\u00f6rlossningsdepression [&hellip;]<\/p>","protected":false},"author":1,"featured_media":0,"parent":0,"menu_order":0,"comment_status":"closed","ping_status":"closed","template":"","meta":{"om_disable_all_campaigns":false,"_monsterinsights_skip_tracking":false,"_monsterinsights_sitenote_active":false,"_monsterinsights_sitenote_note":"","_monsterinsights_sitenote_category":0,"footnotes":""},"class_list":["post-187","page","type-page","status-publish","hentry"],"aioseo_notices":[],"_links":{"self":[{"href":"https:\/\/www.annabursell.com\/en\/wp-json\/wp\/v2\/pages\/187","targetHints":{"allow":["GET"]}}],"collection":[{"href":"https:\/\/www.annabursell.com\/en\/wp-json\/wp\/v2\/pages"}],"about":[{"href":"https:\/\/www.annabursell.com\/en\/wp-json\/wp\/v2\/types\/page"}],"author":[{"embeddable":true,"href":"https:\/\/www.annabursell.com\/en\/wp-json\/wp\/v2\/users\/1"}],"replies":[{"embeddable":true,"href":"https:\/\/www.annabursell.com\/en\/wp-json\/wp\/v2\/comments?post=187"}],"version-history":[{"count":31,"href":"https:\/\/www.annabursell.com\/en\/wp-json\/wp\/v2\/pages\/187\/revisions"}],"predecessor-version":[{"id":837,"href":"https:\/\/www.annabursell.com\/en\/wp-json\/wp\/v2\/pages\/187\/revisions\/837"}],"wp:attachment":[{"href":"https:\/\/www.annabursell.com\/en\/wp-json\/wp\/v2\/media?parent=187"}],"curies":[{"name":"wp","href":"https:\/\/api.w.org\/{rel}","templated":true}]}}