{"id":208,"date":"2022-05-19T10:52:00","date_gmt":"2022-05-19T10:52:00","guid":{"rendered":"https:\/\/www.annabursell.com\/?page_id=208"},"modified":"2022-06-28T07:57:57","modified_gmt":"2022-06-28T07:57:57","slug":"aterbetalning_returer","status":"publish","type":"page","link":"https:\/\/www.annabursell.com\/en\/aterbetalning_returer\/","title":{"rendered":"\u00c5terbetalnings- och returpolicy"},"content":{"rendered":"<div data-elementor-type=\"wp-page\" data-elementor-id=\"208\" class=\"elementor elementor-208\">\n\t\t\t\t\t\t\t\t\t<section data-particle_enable=\"false\" data-particle-mobile-disabled=\"false\" class=\"elementor-section elementor-top-section elementor-element elementor-element-2e4d09b9 elementor-section-height-min-height elementor-section-boxed elementor-section-height-default elementor-section-items-middle\" data-id=\"2e4d09b9\" data-element_type=\"section\" data-settings=\"{&quot;background_background&quot;:&quot;classic&quot;}\">\n\t\t\t\t\t\t<div class=\"elementor-container elementor-column-gap-default\">\n\t\t\t\t\t<div class=\"elementor-column elementor-col-100 elementor-top-column elementor-element elementor-element-4923b2a3\" data-id=\"4923b2a3\" data-element_type=\"column\">\n\t\t\t<div class=\"elementor-widget-wrap\">\n\t\t\t\t\t\t\t\t\t<\/div>\n\t\t<\/div>\n\t\t\t\t\t\t\t<\/div>\n\t\t<\/section>\n\t\t\t\t<section data-particle_enable=\"false\" data-particle-mobile-disabled=\"false\" class=\"elementor-section elementor-top-section elementor-element elementor-element-5a14dd0d elementor-section-boxed elementor-section-height-default elementor-section-height-default\" data-id=\"5a14dd0d\" data-element_type=\"section\">\n\t\t\t\t\t\t<div class=\"elementor-container elementor-column-gap-default\">\n\t\t\t\t\t<div class=\"elementor-column elementor-col-100 elementor-top-column elementor-element elementor-element-7781ad56\" data-id=\"7781ad56\" data-element_type=\"column\">\n\t\t\t<div class=\"elementor-widget-wrap elementor-element-populated\">\n\t\t\t\t\t\t\t\t<div class=\"elementor-element elementor-element-2af5a65 elementor-widget elementor-widget-heading\" data-id=\"2af5a65\" data-element_type=\"widget\" data-widget_type=\"heading.default\">\n\t\t\t\t<div class=\"elementor-widget-container\">\n\t\t\t<style>\/*! elementor - v3.8.1 - 13-11-2022 *\/\n.elementor-heading-title{padding:0;margin:0;line-height:1}.elementor-widget-heading .elementor-heading-title[class*=elementor-size-]>a{color:inherit;font-size:inherit;line-height:inherit}.elementor-widget-heading .elementor-heading-title.elementor-size-small{font-size:15px}.elementor-widget-heading .elementor-heading-title.elementor-size-medium{font-size:19px}.elementor-widget-heading .elementor-heading-title.elementor-size-large{font-size:29px}.elementor-widget-heading .elementor-heading-title.elementor-size-xl{font-size:39px}.elementor-widget-heading .elementor-heading-title.elementor-size-xxl{font-size:59px}<\/style><h2 class=\"elementor-heading-title elementor-size-default\">Returpolicy<\/h2>\t\t<\/div>\n\t\t\t\t<\/div>\n\t\t\t\t<div class=\"elementor-element elementor-element-34374a6c elementor-widget elementor-widget-text-editor\" data-id=\"34374a6c\" data-element_type=\"widget\" data-widget_type=\"text-editor.default\">\n\t\t\t\t<div class=\"elementor-widget-container\">\n\t\t\t<style>\/*! elementor - v3.8.1 - 13-11-2022 *\/\n.elementor-widget-text-editor.elementor-drop-cap-view-stacked .elementor-drop-cap{background-color:#818a91;color:#fff}.elementor-widget-text-editor.elementor-drop-cap-view-framed .elementor-drop-cap{color:#818a91;border:3px solid;background-color:transparent}.elementor-widget-text-editor:not(.elementor-drop-cap-view-default) .elementor-drop-cap{margin-top:8px}.elementor-widget-text-editor:not(.elementor-drop-cap-view-default) .elementor-drop-cap-letter{width:1em;height:1em}.elementor-widget-text-editor .elementor-drop-cap{float:left;text-align:center;line-height:1;font-size:50px}.elementor-widget-text-editor .elementor-drop-cap-letter{display:inline-block}<\/style>\t\t\t\t<!-- wp:paragraph -->\n<p>Du f\u00f6rtj\u00e4nar att ha ett liv fullt av v\u00e4lbefinnande. Allt vi ber om \u00e4r att du lovar att g\u00e5 kurserna\/coaching\/hypnos, delta i evenemanget eller delta i sessionen fullt ut. Om du helt enkelt f\u00f6rbinder dig att g\u00f6ra det kommer du att se resultat. S\u00e5 ta ett beslut att vara en WellBeing-Seeker i varje \u00f6gonblick f\u00f6r att vara den du verkligen \u00e4r och ut\u00f6ka ditt inre v\u00e4lbefinnande oavsett vad! Vi vet att du kan lyckas, Anna vet att du kan lyckas, men det viktiga \u00e4r att DU vet att du kan lyckas; engagera dig och g\u00f6r det!<\/p>\n<p>DIGITALA PRODUKTER<br \/>Du har 14 dagar p\u00e5 dig fr\u00e5n ink\u00f6psdatumet att beg\u00e4ra \u00e5terbetalning. Om din beg\u00e4ran tas emot den 14:e dagen eller f\u00f6re den 14:e dagen f\u00e5r du full \u00e5terbetalning. Om beg\u00e4ran tas emot p\u00e5 eller efter den 15:e ink\u00f6psdagen kommer ingen \u00e5terbetalning att utf\u00e4rdas.<br \/>FYSISKA PRODUKTER<br \/>Du har 14 dagar p\u00e5 dig fr\u00e5n ink\u00f6psdatumet att beg\u00e4ra \u00e5terbetalning och returnera en vara. Om beg\u00e4ran tas emot den 14:e dagen eller f\u00f6re den 14:e dagen och varan postst\u00e4mplas inom 3 dagar efter beg\u00e4ran kommer du att f\u00e5 full \u00e5terbetalning. Annars kommer ingen \u00e5terbetalning att utf\u00e4rdas. Vi kommer att t\u00e4cka returfrakt p\u00e5 best\u00e4llningar inom Sverige (alla best\u00e4llningar utanf\u00f6r Sverige ansvarar f\u00f6r all returfrakt, tariffavgifter, anpassade eller andra relaterade avgifter).<br \/>INTERNATIONELL RETURER (UTANF\u00d6R SVERIGE)<br \/>Om du returnerar en vara, v\u00e4nligen kontakta info@annabursell.com inom den angivna returperioden, som kommer att ge dig instruktioner f\u00f6r att returnera dina produkter.<br \/>Du \u00e4r ansvarig f\u00f6r alla fraktkostnader och andra kostnader som uppst\u00e5r f\u00f6r att returnera din artikel (om inget annat anges). Ursprungliga fraktkostnader \u00e5terbetalas inte och din \u00e5terbetalning kommer endast att ske p\u00e5 produktkostnaden.<br \/>Den tid det tar f\u00f6r din returnerade vara att anl\u00e4nda till oss och behandlas varierar beroende p\u00e5 vilken leveransmetod du v\u00e4ljer. N\u00e4r vi har mottagits kommer vi att behandla \u00e5terbetalningen inom en vecka och dina medel ska visas inom 2 veckor efter att returen har behandlats.<br \/>Om du skickar en produkt \u00f6ver 750kr rekommenderar vi att du l\u00e4gger till sp\u00e5rning till f\u00f6rs\u00e4ndelsen. Vi kan inte garantera att vi tar emot din returnerade vara.<br \/>TULLAR OCH TARIFFER<br \/>F\u00f6r v\u00e5ra internationella kunder inkluderar fraktkostnader inte n\u00e5gra potentiella tullar eller andra avgifter eller skatter som ett enskilt land kan inf\u00f6ra vid import. Du \u00e4r ansvarig f\u00f6r eventuella extra avgifter som kan tas ut av det land d\u00e4r produkten importeras.<br \/>KOSTTILLSKOTT\/MAGNESIUMOLJA<br \/>Alla o\u00f6ppnade, obehandlad med f\u00f6r n\u00e4rvarande s\u00e4ljbara produkter kan returneras inom 14 dagar efter k\u00f6pet f\u00f6r full \u00e5terbetalning. Eventuella \u00f6ppnade produkter \u00e4r inte ber\u00e4ttigade till \u00e5terbetalning. Om en \u00e5terbetalning beg\u00e4rs p\u00e5 eller efter den 15: e dagen eller om produkten varit \u00f6ppnad n\u00e4r den tas emot, kommer du inte att vara ber\u00e4ttigad till \u00e5terbetalning.<br \/>Vi levererar idag endast kosttillskott\/Magnesiumolja inom Sverige. Om en internationell best\u00e4llning behandlas kan vi inte garantera att f\u00f6rs\u00e4ndelsen anl\u00e4nder; K\u00f6paren ansvarar f\u00f6r alla avgifter fr\u00e5n tullen, tarifferna eller andra avgifter eller f\u00f6rluster som uppst\u00e5r. Vi till\u00e5ter inte internationella \u00e5terbetalningar p\u00e5 Kosttillskott\/Magnesiumolnjan.<br \/>ALLA ICKE-DIGITALA PRODUKTER<br \/>N\u00e4r din retur har mottagits och inspekterats kommer vi att skicka dig ett e-postmeddelande f\u00f6r att meddela dig att vi har f\u00e5tt din returnerade artikel och meddela dig om statusen (godk\u00e4nnande eller avslag) f\u00f6r din \u00e5terbetalning.<br \/>Om din \u00e5terbetalning godk\u00e4nns kommer din \u00e5terbetalning att behandlas och en kredit kommer automatiskt att till\u00e4mpas p\u00e5 ditt kreditkort eller ursprungliga betalningsmetod inom 7 arbetsdagar.<br \/>UTBYTE<br \/>Vi g\u00f6r v\u00e5rt b\u00e4sta f\u00f6r att s\u00e4kerst\u00e4lla att du f\u00e5r oskadade produkter. Om du d\u00e4remot har f\u00e5tt en vara som \u00e4r defekt eller skadades f\u00f6re ankomsten, kommer vi omedelbart att byta ut den mot en identisk produkt. Om detta intr\u00e4ffar, v\u00e4nligen skicka oss ett e-postmeddelande info@annabursell.com, och instruktioner kommer att ges f\u00f6r att returnera de defekta eller skadade varorna.<br \/>COACHING\/HYPNOS SESSIONER PERSONLIGEN\/ ONLINE \/ ZOOM \/ TELEFON<br \/>24-timmars varsel kr\u00e4vs n\u00e4r du st\u00e4ller in en individuell coaching \/ hypnossession. De som inte ger 24 timmars varsel debiteras hela beloppet f\u00f6r sessionen.<br \/>EVENEMANG OCH TJ\u00c4NSTER<br \/>Du har 14 dagar p\u00e5 dig fr\u00e5n ink\u00f6psdatumet att beg\u00e4ra \u00e5terbetalning. Om du tas emot den 14:e dagen eller f\u00f6re den 14:e dagen f\u00e5r du full \u00e5terbetalning. Om beg\u00e4ran tas emot p\u00e5 eller efter den 15:e ink\u00f6psdagen kommer ingen \u00e5terbetalning att utf\u00e4rdas. Ange det specifika evenemang du \u00e4r anm\u00e4ld till f\u00f6r avboknings- och \u00e5terbetalningsinformation och maila oss p\u00e5: info@annabursell.com.<\/p>\n<!-- \/wp:paragraph -->\t\t\t\t\t\t<\/div>\n\t\t\t\t<\/div>\n\t\t\t\t\t<\/div>\n\t\t<\/div>\n\t\t\t\t\t\t\t<\/div>\n\t\t<\/section>\n\t\t\t\t\t\t\t<\/div>","protected":false},"excerpt":{"rendered":"<p>Returpolicy Du f\u00f6rtj\u00e4nar att ha ett liv fullt av v\u00e4lbefinnande. Allt vi ber om \u00e4r att du lovar att g\u00e5 kurserna\/coaching\/hypnos, delta i evenemanget eller delta i sessionen fullt ut. Om du helt enkelt f\u00f6rbinder dig att g\u00f6ra det kommer du att se resultat. S\u00e5 ta ett beslut att vara en WellBeing-Seeker i varje \u00f6gonblick [&hellip;]<\/p>","protected":false},"author":1,"featured_media":0,"parent":0,"menu_order":0,"comment_status":"closed","ping_status":"closed","template":"","meta":{"om_disable_all_campaigns":false,"_monsterinsights_skip_tracking":false,"_monsterinsights_sitenote_active":false,"_monsterinsights_sitenote_note":"","_monsterinsights_sitenote_category":0,"footnotes":""},"class_list":["post-208","page","type-page","status-publish","hentry"],"aioseo_notices":[],"_links":{"self":[{"href":"https:\/\/www.annabursell.com\/en\/wp-json\/wp\/v2\/pages\/208","targetHints":{"allow":["GET"]}}],"collection":[{"href":"https:\/\/www.annabursell.com\/en\/wp-json\/wp\/v2\/pages"}],"about":[{"href":"https:\/\/www.annabursell.com\/en\/wp-json\/wp\/v2\/types\/page"}],"author":[{"embeddable":true,"href":"https:\/\/www.annabursell.com\/en\/wp-json\/wp\/v2\/users\/1"}],"replies":[{"embeddable":true,"href":"https:\/\/www.annabursell.com\/en\/wp-json\/wp\/v2\/comments?post=208"}],"version-history":[{"count":6,"href":"https:\/\/www.annabursell.com\/en\/wp-json\/wp\/v2\/pages\/208\/revisions"}],"predecessor-version":[{"id":908,"href":"https:\/\/www.annabursell.com\/en\/wp-json\/wp\/v2\/pages\/208\/revisions\/908"}],"wp:attachment":[{"href":"https:\/\/www.annabursell.com\/en\/wp-json\/wp\/v2\/media?parent=208"}],"curies":[{"name":"wp","href":"https:\/\/api.w.org\/{rel}","templated":true}]}}