{"id":431,"date":"2022-05-31T12:03:48","date_gmt":"2022-05-31T12:03:48","guid":{"rendered":"https:\/\/www.annabursell.com\/?page_id=431"},"modified":"2022-11-07T11:12:57","modified_gmt":"2022-11-07T11:12:57","slug":"boka-nu","status":"publish","type":"page","link":"https:\/\/www.annabursell.com\/en\/boka-nu\/","title":{"rendered":"Boka nu"},"content":{"rendered":"<div data-elementor-type=\"wp-page\" data-elementor-id=\"431\" class=\"elementor elementor-431\">\n\t\t\t\t\t\t\t\t\t<section data-particle_enable=\"false\" data-particle-mobile-disabled=\"false\" class=\"elementor-section elementor-top-section elementor-element elementor-element-1e502f7c elementor-section-height-min-height elementor-section-boxed elementor-section-height-default elementor-section-items-middle\" data-id=\"1e502f7c\" data-element_type=\"section\" data-settings=\"{&quot;background_background&quot;:&quot;classic&quot;}\">\n\t\t\t\t\t\t<div class=\"elementor-container elementor-column-gap-default\">\n\t\t\t\t\t<div class=\"elementor-column elementor-col-100 elementor-top-column elementor-element elementor-element-484153fc\" data-id=\"484153fc\" data-element_type=\"column\">\n\t\t\t<div class=\"elementor-widget-wrap\">\n\t\t\t\t\t\t\t\t\t<\/div>\n\t\t<\/div>\n\t\t\t\t\t\t\t<\/div>\n\t\t<\/section>\n\t\t\t\t<section data-particle_enable=\"false\" data-particle-mobile-disabled=\"false\" class=\"elementor-section elementor-top-section elementor-element elementor-element-48c9152 elementor-section-height-min-height elementor-section-boxed elementor-section-height-default elementor-section-items-middle\" data-id=\"48c9152\" data-element_type=\"section\">\n\t\t\t\t\t\t<div class=\"elementor-container elementor-column-gap-default\">\n\t\t\t\t\t<div class=\"elementor-column elementor-col-100 elementor-top-column elementor-element elementor-element-d090ad9\" data-id=\"d090ad9\" data-element_type=\"column\">\n\t\t\t<div class=\"elementor-widget-wrap elementor-element-populated\">\n\t\t\t\t\t\t\t\t<div class=\"elementor-element elementor-element-56ebcaa elementor-widget elementor-widget-heading\" data-id=\"56ebcaa\" data-element_type=\"widget\" data-widget_type=\"heading.default\">\n\t\t\t\t<div class=\"elementor-widget-container\">\n\t\t\t<style>\/*! elementor - v3.8.1 - 13-11-2022 *\/\n.elementor-heading-title{padding:0;margin:0;line-height:1}.elementor-widget-heading .elementor-heading-title[class*=elementor-size-]>a{color:inherit;font-size:inherit;line-height:inherit}.elementor-widget-heading .elementor-heading-title.elementor-size-small{font-size:15px}.elementor-widget-heading .elementor-heading-title.elementor-size-medium{font-size:19px}.elementor-widget-heading .elementor-heading-title.elementor-size-large{font-size:29px}.elementor-widget-heading .elementor-heading-title.elementor-size-xl{font-size:39px}.elementor-widget-heading .elementor-heading-title.elementor-size-xxl{font-size:59px}<\/style><h2 class=\"elementor-heading-title elementor-size-default\">Boka din session med Anna h\u00e4r! <\/h2>\t\t<\/div>\n\t\t\t\t<\/div>\n\t\t\t\t\t<\/div>\n\t\t<\/div>\n\t\t\t\t\t\t\t<\/div>\n\t\t<\/section>\n\t\t\t\t<section data-particle_enable=\"false\" data-particle-mobile-disabled=\"false\" class=\"elementor-section elementor-top-section elementor-element elementor-element-16af0a0 elementor-section-boxed elementor-section-height-default elementor-section-height-default\" data-id=\"16af0a0\" data-element_type=\"section\">\n\t\t\t\t\t\t<div class=\"elementor-container elementor-column-gap-default\">\n\t\t\t\t\t<div class=\"elementor-column elementor-col-100 elementor-top-column elementor-element elementor-element-f55c651\" data-id=\"f55c651\" data-element_type=\"column\">\n\t\t\t<div class=\"elementor-widget-wrap elementor-element-populated\">\n\t\t\t\t\t\t\t\t\t<\/div>\n\t\t<\/div>\n\t\t\t\t\t\t\t<\/div>\n\t\t<\/section>\n\t\t\t\t<section data-particle_enable=\"false\" data-particle-mobile-disabled=\"false\" class=\"elementor-section elementor-top-section elementor-element elementor-element-17d722c elementor-section-boxed elementor-section-height-default elementor-section-height-default\" data-id=\"17d722c\" data-element_type=\"section\">\n\t\t\t\t\t\t<div class=\"elementor-container elementor-column-gap-default\">\n\t\t\t\t\t<div class=\"elementor-column elementor-col-100 elementor-top-column elementor-element elementor-element-6df25f9\" data-id=\"6df25f9\" data-element_type=\"column\">\n\t\t\t<div class=\"elementor-widget-wrap elementor-element-populated\">\n\t\t\t\t\t\t\t\t<div class=\"elementor-element elementor-element-b854223 eael-product-grid-column-3 elementor-widget elementor-widget-eicon-woocommerce\" data-id=\"b854223\" data-element_type=\"widget\" data-widget_type=\"eicon-woocommerce.default\">\n\t\t\t\t<div class=\"elementor-widget-container\">\n\t\t\t\n        <div class=\"eael-product-grid eael-product-simple grid\" id=\"eael-product-grid\" data-widget-id=\"b854223\" data-page-id=\"431\" data-nonce=\"01ed33f720\" >\n            <div class=\"woocommerce\">\n                <ul class=\"products\" data-layout-mode=\"grid\">    <li class=\"product\">\n        <div class=\"eael-product-wrap\">\n            <a href=\"https:\/\/www.annabursell.com\/en\/product\/ledarskapscoachning\/\" class=\"woocommerce-LoopProduct-link woocommerce-loop-product__link\">            <img fetchpriority=\"high\" decoding=\"async\" width=\"300\" height=\"217\" src=\"https:\/\/www.annabursell.com\/wp-content\/uploads\/2022\/05\/317c1c_1f42337f2bd9463eb4bd34e729a7f839mv2-300x217.png\" class=\"attachment-medium size-medium\" alt=\"\" loading=\"eager\" \/><\/a><div class=\"eael-product-title\">\n            <a href=\"https:\/\/www.annabursell.com\/en\/product\/ledarskapscoachning\/\" class=\"woocommerce-LoopProduct-link woocommerce-loop-product__link\"><h2 class=\"woocommerce-loop-product__title\">Leadership coaching Online<\/h2><\/a>\n            <\/div><div class=\"eael-product-price\"><span class=\"woocommerce-Price-amount amount\">1700&nbsp;<span class=\"woocommerce-Price-currencySymbol\">&#107;&#114;<\/span><\/span><\/div>            <a href=\"https:\/\/www.annabursell.com\/en\/product\/ledarskapscoachning\/\" data-quantity=\"1\" class=\"button wp-element-button product_type_booking add_to_cart_button\" data-product_id=\"1117\" data-product_sku=\"\" aria-label=\"Read more about \u201cLedarskapscoachning\u201d\" rel=\"nofollow\" data-no-translation=\"\" data-trp-gettext=\"\" data-no-translation-aria-label=\"\">Read more<\/a>                    <\/div>\n    <\/li>\n        <li class=\"product\">\n        <div class=\"eael-product-wrap\">\n            <a href=\"https:\/\/www.annabursell.com\/en\/product\/privat-session-pa-annas-klinik\/\" class=\"woocommerce-LoopProduct-link woocommerce-loop-product__link\">            <img decoding=\"async\" width=\"300\" height=\"216\" src=\"https:\/\/www.annabursell.com\/wp-content\/uploads\/2022\/05\/df161d_ed9a6bf3b6cc4da6864f1881f867f561mv2-300x216.jpg\" class=\"attachment-medium size-medium\" alt=\"\" loading=\"eager\" \/><\/a><div class=\"eael-product-title\">\n            <a href=\"https:\/\/www.annabursell.com\/en\/product\/privat-session-pa-annas-klinik\/\" class=\"woocommerce-LoopProduct-link woocommerce-loop-product__link\"><h2 class=\"woocommerce-loop-product__title\">Privat session in Annas Clinic<\/h2><\/a>\n            <\/div><div class=\"eael-product-price\"><span class=\"woocommerce-Price-amount amount\">1500&nbsp;<span class=\"woocommerce-Price-currencySymbol\">&#107;&#114;<\/span><\/span><\/div>            <a href=\"https:\/\/www.annabursell.com\/en\/product\/privat-session-pa-annas-klinik\/\" data-quantity=\"1\" class=\"button wp-element-button product_type_booking add_to_cart_button\" data-product_id=\"1116\" data-product_sku=\"\" aria-label=\"Read more about \u201cPrivat session p\u00e5 Annas klinik\u201d\" rel=\"nofollow\" data-no-translation=\"\" data-trp-gettext=\"\" data-no-translation-aria-label=\"\">Read more<\/a>                    <\/div>\n    <\/li>\n        <li class=\"product\">\n        <div class=\"eael-product-wrap\">\n            <a href=\"https:\/\/www.annabursell.com\/en\/product\/online-session\/\" class=\"woocommerce-LoopProduct-link woocommerce-loop-product__link\">            <img decoding=\"async\" width=\"300\" height=\"216\" src=\"https:\/\/www.annabursell.com\/wp-content\/uploads\/2022\/05\/11062b_15277962847a44639c30e2b5d652f840mv2-300x216.jpg\" class=\"attachment-medium size-medium\" alt=\"\" loading=\"eager\" \/><\/a><div class=\"eael-product-title\">\n            <a href=\"https:\/\/www.annabursell.com\/en\/product\/online-session\/\" class=\"woocommerce-LoopProduct-link woocommerce-loop-product__link\"><h2 class=\"woocommerce-loop-product__title\">Online session<\/h2><\/a>\n            <\/div><div class=\"eael-product-price\"><span class=\"woocommerce-Price-amount amount\">1500&nbsp;<span class=\"woocommerce-Price-currencySymbol\">&#107;&#114;<\/span><\/span><\/div>            <a href=\"https:\/\/www.annabursell.com\/en\/product\/online-session\/\" data-quantity=\"1\" class=\"button wp-element-button product_type_booking add_to_cart_button\" data-product_id=\"1070\" data-product_sku=\"\" aria-label=\"Read more about \u201cOnline session\u201d\" rel=\"nofollow\" data-no-translation=\"\" data-trp-gettext=\"\" data-no-translation-aria-label=\"\">Read more<\/a>                    <\/div>\n    <\/li>\n    <\/ul>            <\/div>\n        <\/div>\n\n        <script type=\"text\/javascript\">\n            jQuery(document).ready(function($) {\n                var $scope = jQuery(\".elementor-element-b854223\");\n                var $products = $('.products', $scope);\n                var $layout_mode = $products.data('layout-mode');\n                \n                if ( $layout_mode === 'masonry' ) {\n                    \/\/ init isotope\n                    var $isotope_products = $products.isotope({\n                        itemSelector: \"li.product\",\n                        layoutMode: $layout_mode,\n                        percentPosition: true\n                    });\n\n                    $isotope_products.imagesLoaded().progress( function() {\n                        $isotope_products.isotope('layout');\n                    })\n\n                    $(window).on('resize', function() {\n                        $isotope_products.isotope('layout');\n                    });\n                }\n            });\n        <\/script>\n        \t\t<\/div>\n\t\t\t\t<\/div>\n\t\t\t\t\t<\/div>\n\t\t<\/div>\n\t\t\t\t\t\t\t<\/div>\n\t\t<\/section>\n\t\t\t\t\t\t\t<\/div>","protected":false},"excerpt":{"rendered":"<p>Boka din session med Anna h\u00e4r! Ledarskapscoachning 1500&nbsp;&#107;&#114; L\u00e4s mer Privat session p\u00e5 Annas klinik 1500&nbsp;&#107;&#114; L\u00e4s mer Online session 1500&nbsp;&#107;&#114; L\u00e4s mer<\/p>","protected":false},"author":1,"featured_media":0,"parent":0,"menu_order":0,"comment_status":"closed","ping_status":"closed","template":"","meta":{"om_disable_all_campaigns":false,"_monsterinsights_skip_tracking":false,"_monsterinsights_sitenote_active":false,"_monsterinsights_sitenote_note":"","_monsterinsights_sitenote_category":0,"footnotes":""},"class_list":["post-431","page","type-page","status-publish","hentry"],"aioseo_notices":[],"_links":{"self":[{"href":"https:\/\/www.annabursell.com\/en\/wp-json\/wp\/v2\/pages\/431","targetHints":{"allow":["GET"]}}],"collection":[{"href":"https:\/\/www.annabursell.com\/en\/wp-json\/wp\/v2\/pages"}],"about":[{"href":"https:\/\/www.annabursell.com\/en\/wp-json\/wp\/v2\/types\/page"}],"author":[{"embeddable":true,"href":"https:\/\/www.annabursell.com\/en\/wp-json\/wp\/v2\/users\/1"}],"replies":[{"embeddable":true,"href":"https:\/\/www.annabursell.com\/en\/wp-json\/wp\/v2\/comments?post=431"}],"version-history":[{"count":40,"href":"https:\/\/www.annabursell.com\/en\/wp-json\/wp\/v2\/pages\/431\/revisions"}],"predecessor-version":[{"id":1178,"href":"https:\/\/www.annabursell.com\/en\/wp-json\/wp\/v2\/pages\/431\/revisions\/1178"}],"wp:attachment":[{"href":"https:\/\/www.annabursell.com\/en\/wp-json\/wp\/v2\/media?parent=431"}],"curies":[{"name":"wp","href":"https:\/\/api.w.org\/{rel}","templated":true}]}}