{"id":524,"date":"2022-05-31T14:32:10","date_gmt":"2022-05-31T14:32:10","guid":{"rendered":"https:\/\/www.annabursell.com\/?page_id=524"},"modified":"2023-08-10T14:50:51","modified_gmt":"2023-08-10T12:50:51","slug":"shop","status":"publish","type":"page","link":"https:\/\/www.annabursell.com\/en\/shop\/","title":{"rendered":"Shop"},"content":{"rendered":"<div data-elementor-type=\"wp-page\" data-elementor-id=\"524\" class=\"elementor elementor-524\">\n\t\t\t\t\t\t\t\t\t<section data-particle_enable=\"false\" data-particle-mobile-disabled=\"false\" class=\"elementor-section elementor-top-section elementor-element elementor-element-1e502f7c elementor-section-height-min-height elementor-section-boxed elementor-section-height-default elementor-section-items-middle\" data-id=\"1e502f7c\" data-element_type=\"section\" data-settings=\"{&quot;background_background&quot;:&quot;classic&quot;}\">\n\t\t\t\t\t\t<div class=\"elementor-container elementor-column-gap-default\">\n\t\t\t\t\t<div class=\"elementor-column elementor-col-100 elementor-top-column elementor-element elementor-element-484153fc\" data-id=\"484153fc\" data-element_type=\"column\">\n\t\t\t<div class=\"elementor-widget-wrap\">\n\t\t\t\t\t\t\t\t\t<\/div>\n\t\t<\/div>\n\t\t\t\t\t\t\t<\/div>\n\t\t<\/section>\n\t\t\t\t<section data-particle_enable=\"false\" data-particle-mobile-disabled=\"false\" class=\"elementor-section elementor-top-section elementor-element elementor-element-48c9152 elementor-section-height-min-height elementor-section-boxed elementor-section-height-default elementor-section-items-middle\" data-id=\"48c9152\" data-element_type=\"section\">\n\t\t\t\t\t\t<div class=\"elementor-container elementor-column-gap-default\">\n\t\t\t\t\t<div class=\"elementor-column elementor-col-100 elementor-top-column elementor-element elementor-element-d090ad9\" data-id=\"d090ad9\" data-element_type=\"column\">\n\t\t\t<div class=\"elementor-widget-wrap elementor-element-populated\">\n\t\t\t\t\t\t\t\t<div class=\"elementor-element elementor-element-56ebcaa elementor-widget elementor-widget-heading\" data-id=\"56ebcaa\" data-element_type=\"widget\" data-widget_type=\"heading.default\">\n\t\t\t\t<div class=\"elementor-widget-container\">\n\t\t\t<style>\/*! elementor - v3.8.1 - 13-11-2022 *\/\n.elementor-heading-title{padding:0;margin:0;line-height:1}.elementor-widget-heading .elementor-heading-title[class*=elementor-size-]>a{color:inherit;font-size:inherit;line-height:inherit}.elementor-widget-heading .elementor-heading-title.elementor-size-small{font-size:15px}.elementor-widget-heading .elementor-heading-title.elementor-size-medium{font-size:19px}.elementor-widget-heading .elementor-heading-title.elementor-size-large{font-size:29px}.elementor-widget-heading .elementor-heading-title.elementor-size-xl{font-size:39px}.elementor-widget-heading .elementor-heading-title.elementor-size-xxl{font-size:59px}<\/style><h2 class=\"elementor-heading-title elementor-size-default\">Products<\/h2>\t\t<\/div>\n\t\t\t\t<\/div>\n\t\t\t\t\t<\/div>\n\t\t<\/div>\n\t\t\t\t\t\t\t<\/div>\n\t\t<\/section>\n\t\t\t\t<section data-particle_enable=\"false\" data-particle-mobile-disabled=\"false\" class=\"elementor-section elementor-top-section elementor-element elementor-element-16af0a0 elementor-section-boxed elementor-section-height-default elementor-section-height-default\" data-id=\"16af0a0\" data-element_type=\"section\">\n\t\t\t\t\t\t<div class=\"elementor-container elementor-column-gap-default\">\n\t\t\t\t\t<div class=\"elementor-column elementor-col-100 elementor-top-column elementor-element elementor-element-f55c651\" data-id=\"f55c651\" data-element_type=\"column\">\n\t\t\t<div class=\"elementor-widget-wrap elementor-element-populated\">\n\t\t\t\t\t\t\t\t<div class=\"elementor-element elementor-element-a960071 eael-product-grid-column-3 elementor-widget elementor-widget-eicon-woocommerce\" data-id=\"a960071\" data-element_type=\"widget\" data-widget_type=\"eicon-woocommerce.default\">\n\t\t\t\t<div class=\"elementor-widget-container\">\n\t\t\t\n        <div class=\"eael-product-grid eael-product-simple grid\" id=\"eael-product-grid\" data-widget-id=\"a960071\" data-page-id=\"524\" data-nonce=\"1b2f7bb75c\" >\n            <div class=\"woocommerce\">\n                <ul class=\"products\" data-layout-mode=\"grid\">    <li class=\"product\">\n        <div class=\"eael-product-wrap\">\n            <a href=\"https:\/\/www.annabursell.com\/en\/product\/wellbeing-2-dagars-workshop-biljett-6-7-maj-2023\/\" class=\"woocommerce-LoopProduct-link woocommerce-loop-product__link\">            <img decoding=\"async\" width=\"300\" height=\"111\" src=\"https:\/\/www.annabursell.com\/wp-content\/uploads\/2023\/03\/BiljettfotoMaj-300x111.jpg\" class=\"attachment-medium size-medium\" alt=\"\" loading=\"eager\" \/><\/a><div class=\"eael-product-title\">\n            <a href=\"https:\/\/www.annabursell.com\/en\/product\/wellbeing-2-dagars-workshop-biljett-6-7-maj-2023\/\" class=\"woocommerce-LoopProduct-link woocommerce-loop-product__link\"><h2 class=\"woocommerce-loop-product__title\">Wellbeing 2 dagars Workshop - biljett 6-7 Maj 2023<\/h2><\/a>\n            <\/div><span class=\"outofstock-badge\" data-no-translation=\"\" data-trp-gettext=\"\">Stock <br\/> Out<\/span><div class=\"eael-product-price\"><span class=\"woocommerce-Price-amount amount\">1995&nbsp;<span class=\"woocommerce-Price-currencySymbol\">&#107;&#114;<\/span><\/span><\/div>            <a href=\"https:\/\/www.annabursell.com\/en\/product\/wellbeing-2-dagars-workshop-biljett-6-7-maj-2023\/\" data-quantity=\"1\" class=\"button wp-element-button product_type_simple\" data-product_id=\"1496\" data-product_sku=\"11-54-1\" aria-label=\"Read more about \u201cWellbeing 2 dagars Workshop - biljett 6-7 Maj 2023\u201d\" rel=\"nofollow\" data-no-translation=\"\" data-trp-gettext=\"\" data-no-translation-aria-label=\"\">Read more<\/a>                    <\/div>\n    <\/li>\n        <li class=\"product\">\n        <div class=\"eael-product-wrap\">\n            <a href=\"https:\/\/www.annabursell.com\/en\/product\/biljett-endast-workshop-1-2-april-2023\/\" class=\"woocommerce-LoopProduct-link woocommerce-loop-product__link\">            <img decoding=\"async\" width=\"300\" height=\"114\" src=\"https:\/\/www.annabursell.com\/wp-content\/uploads\/2023\/02\/WorkshopBiljett-300x114.jpg\" class=\"attachment-medium size-medium\" alt=\"\" loading=\"eager\" \/><\/a><div class=\"eael-product-title\">\n            <a href=\"https:\/\/www.annabursell.com\/en\/product\/biljett-endast-workshop-1-2-april-2023\/\" class=\"woocommerce-LoopProduct-link woocommerce-loop-product__link\"><h2 class=\"woocommerce-loop-product__title\">Biljett endast Workshop 1-2 april 2023<\/h2><\/a>\n            <\/div><span class=\"outofstock-badge\" data-no-translation=\"\" data-trp-gettext=\"\">Stock <br\/> Out<\/span><div class=\"eael-product-price\"><span class=\"woocommerce-Price-amount amount\">1995&nbsp;<span class=\"woocommerce-Price-currencySymbol\">&#107;&#114;<\/span><\/span><\/div>            <a href=\"https:\/\/www.annabursell.com\/en\/product\/biljett-endast-workshop-1-2-april-2023\/\" data-quantity=\"1\" class=\"button wp-element-button product_type_simple\" data-product_id=\"1342\" data-product_sku=\"11-55\" aria-label=\"Read more about \u201cBiljett endast Workshop 1-2 april 2023\u201d\" rel=\"nofollow\" data-no-translation=\"\" data-trp-gettext=\"\" data-no-translation-aria-label=\"\">Read more<\/a>                    <\/div>\n    <\/li>\n        <li class=\"product\">\n        <div class=\"eael-product-wrap\">\n            <a href=\"https:\/\/www.annabursell.com\/en\/product\/awakened-heart-halsband\/\" class=\"woocommerce-LoopProduct-link woocommerce-loop-product__link\">            <img fetchpriority=\"high\" decoding=\"async\" width=\"300\" height=\"199\" src=\"https:\/\/www.annabursell.com\/wp-content\/uploads\/2022\/05\/317c1c_2ba8aabefacd45f6a115f18618380d1fmv2-300x199.jpg\" class=\"attachment-medium size-medium\" alt=\"\" loading=\"eager\" \/><\/a><div class=\"eael-product-title\">\n            <a href=\"https:\/\/www.annabursell.com\/en\/product\/awakened-heart-halsband\/\" class=\"woocommerce-LoopProduct-link woocommerce-loop-product__link\"><h2 class=\"woocommerce-loop-product__title\">Awakened Heart - Necklace<\/h2><\/a>\n            <\/div><div class=\"eael-product-price\"><span class=\"woocommerce-Price-amount amount\">1500&nbsp;<span class=\"woocommerce-Price-currencySymbol\">&#107;&#114;<\/span><\/span><\/div>            <a href=\"?add-to-cart=519\" data-quantity=\"1\" class=\"button wp-element-button product_type_simple add_to_cart_button ajax_add_to_cart\" data-product_id=\"519\" data-product_sku=\"1001\" aria-label=\"Add to cart\" rel=\"nofollow\" data-no-translation=\"\" data-trp-gettext=\"\" data-no-translation-aria-label=\"\">Add to basket<\/a>                    <\/div>\n    <\/li>\n        <li class=\"product\">\n        <div class=\"eael-product-wrap\">\n            <a href=\"https:\/\/www.annabursell.com\/en\/product\/wellbeing-seeker-t-shirt\/\" class=\"woocommerce-LoopProduct-link woocommerce-loop-product__link\">            <img decoding=\"async\" width=\"300\" height=\"300\" src=\"https:\/\/www.annabursell.com\/wp-content\/uploads\/2022\/05\/317c1c_5360f95e6e8a4157ae765fb1f5dee6b7mv2-300x300.jpg\" class=\"attachment-medium size-medium\" alt=\"\" loading=\"eager\" \/><\/a><div class=\"eael-product-title\">\n            <a href=\"https:\/\/www.annabursell.com\/en\/product\/wellbeing-seeker-t-shirt\/\" class=\"woocommerce-LoopProduct-link woocommerce-loop-product__link\"><h2 class=\"woocommerce-loop-product__title\">WellBeing-Seeker T-shirt<\/h2><\/a>\n            <\/div><div class=\"eael-product-price\"><span class=\"woocommerce-Price-amount amount\">290&nbsp;<span class=\"woocommerce-Price-currencySymbol\">&#107;&#114;<\/span><\/span><\/div>            <a href=\"https:\/\/www.annabursell.com\/en\/product\/wellbeing-seeker-t-shirt\/\" data-quantity=\"1\" class=\"button wp-element-button product_type_variable add_to_cart_button\" data-product_id=\"296\" data-product_sku=\"1002\" aria-label=\"Add to cart\" rel=\"nofollow\" data-no-translation=\"\" data-trp-gettext=\"\" data-no-translation-aria-label=\"\">Select options<\/a>                    <\/div>\n    <\/li>\n        <li class=\"product\">\n        <div class=\"eael-product-wrap\">\n            <a href=\"https:\/\/www.annabursell.com\/en\/product\/hoodie-with-logo\/\" class=\"woocommerce-LoopProduct-link woocommerce-loop-product__link\">            <img decoding=\"async\" width=\"300\" height=\"200\" src=\"https:\/\/www.annabursell.com\/wp-content\/uploads\/2022\/05\/317c1c_75961d3b217845778e935a73b4db442cmv2_d_4288_2848_s_4_2-300x200.jpg\" class=\"attachment-medium size-medium\" alt=\"\" loading=\"eager\" \/><\/a><div class=\"eael-product-title\">\n            <a href=\"https:\/\/www.annabursell.com\/en\/product\/hoodie-with-logo\/\" class=\"woocommerce-LoopProduct-link woocommerce-loop-product__link\"><h2 class=\"woocommerce-loop-product__title\">Heart Angel - Halsband<\/h2><\/a>\n            <\/div><div class=\"eael-product-price\"><span class=\"woocommerce-Price-amount amount\">599&nbsp;<span class=\"woocommerce-Price-currencySymbol\">&#107;&#114;<\/span><\/span><\/div>            <a href=\"?add-to-cart=210\" data-quantity=\"1\" class=\"button wp-element-button product_type_simple add_to_cart_button ajax_add_to_cart\" data-product_id=\"210\" data-product_sku=\"1003\" aria-label=\"Add to cart\" rel=\"nofollow\" data-no-translation=\"\" data-trp-gettext=\"\" data-no-translation-aria-label=\"\">Add to basket<\/a>                    <\/div>\n    <\/li>\n    <\/ul>            <\/div>\n        <\/div>\n\n        <script type=\"text\/javascript\">\n            jQuery(document).ready(function($) {\n                var $scope = jQuery(\".elementor-element-a960071\");\n                var $products = $('.products', $scope);\n                var $layout_mode = $products.data('layout-mode');\n                \n                if ( $layout_mode === 'masonry' ) {\n                    \/\/ init isotope\n                    var $isotope_products = $products.isotope({\n                        itemSelector: \"li.product\",\n                        layoutMode: $layout_mode,\n                        percentPosition: true\n                    });\n\n                    $isotope_products.imagesLoaded().progress( function() {\n                        $isotope_products.isotope('layout');\n                    })\n\n                    $(window).on('resize', function() {\n                        $isotope_products.isotope('layout');\n                    });\n                }\n            });\n        <\/script>\n        \t\t<\/div>\n\t\t\t\t<\/div>\n\t\t\t\t\t<\/div>\n\t\t<\/div>\n\t\t\t\t\t\t\t<\/div>\n\t\t<\/section>\n\t\t\t\t\t\t\t<\/div>","protected":false},"excerpt":{"rendered":"<p>Mina produkter Wellbeing 2 dagars Workshop &#8211; biljett 6-7 Maj 2023 Stock Out1995&nbsp;&#107;&#114; L\u00e4s mer Biljett endast Workshop 1-2 april 2023 Stock Out1995&nbsp;&#107;&#114; L\u00e4s mer Awakened Heart &#8211; Halsband 1500&nbsp;&#107;&#114; L\u00e4gg till i varukorg WellBeing-Seeker T-shirt 290&nbsp;&#107;&#114; V\u00e4lj alternativ Heart Angel &#8211; Halsband 599&nbsp;&#107;&#114; L\u00e4gg till i varukorg<\/p>","protected":false},"author":1,"featured_media":0,"parent":0,"menu_order":0,"comment_status":"closed","ping_status":"closed","template":"","meta":{"om_disable_all_campaigns":false,"_monsterinsights_skip_tracking":false,"_monsterinsights_sitenote_active":false,"_monsterinsights_sitenote_note":"","_monsterinsights_sitenote_category":0,"footnotes":""},"class_list":["post-524","page","type-page","status-publish","hentry"],"aioseo_notices":[],"_links":{"self":[{"href":"https:\/\/www.annabursell.com\/en\/wp-json\/wp\/v2\/pages\/524","targetHints":{"allow":["GET"]}}],"collection":[{"href":"https:\/\/www.annabursell.com\/en\/wp-json\/wp\/v2\/pages"}],"about":[{"href":"https:\/\/www.annabursell.com\/en\/wp-json\/wp\/v2\/types\/page"}],"author":[{"embeddable":true,"href":"https:\/\/www.annabursell.com\/en\/wp-json\/wp\/v2\/users\/1"}],"replies":[{"embeddable":true,"href":"https:\/\/www.annabursell.com\/en\/wp-json\/wp\/v2\/comments?post=524"}],"version-history":[{"count":37,"href":"https:\/\/www.annabursell.com\/en\/wp-json\/wp\/v2\/pages\/524\/revisions"}],"predecessor-version":[{"id":1553,"href":"https:\/\/www.annabursell.com\/en\/wp-json\/wp\/v2\/pages\/524\/revisions\/1553"}],"wp:attachment":[{"href":"https:\/\/www.annabursell.com\/en\/wp-json\/wp\/v2\/media?parent=524"}],"curies":[{"name":"wp","href":"https:\/\/api.w.org\/{rel}","templated":true}]}}