{"id":1342,"date":"2023-02-13T14:37:54","date_gmt":"2023-02-13T13:37:54","guid":{"rendered":"https:\/\/www.annabursell.com\/?post_type=product&#038;p=1342"},"modified":"2023-03-12T19:48:45","modified_gmt":"2023-03-12T18:48:45","slug":"biljett-endast-workshop-1-2-april-2023","status":"publish","type":"product","link":"https:\/\/www.annabursell.com\/en\/product\/biljett-endast-workshop-1-2-april-2023\/","title":{"rendered":"Biljett endast Workshop 1-2 april 2023"},"content":{"rendered":"<p>2- dagars Workshop\/Retreat biljett 1-2april 2023<\/p>\n<p>&nbsp;<\/p>\n<p>Alla workshops ing\u00e5r (f\u00f6r mat och \u00f6vernattning v\u00e4lj All inclusive biljetten):<\/p>\n<p>Start L\u00f6rdag 1 april kl 09:00<br \/>\nWorkshop<br \/>\nLunch<br \/>\nWorkshop<br \/>\nEftermiddagsfika<br \/>\nWorkshop<br \/>\n1-r\u00e4tts middag<br \/>\nWorkshop<\/p>\n<p>logi i enkelrum\/del i dubbelrum<\/p>\n<p>S\u00f6ndag 2 april<br \/>\nFrukost<br \/>\nworkshop<br \/>\nSlut 11:30<\/p>\n<p>&nbsp;<\/p>\n<div>\n<p>L\u00f6rdag 1 &#8211; S\u00f6ndag 2 april, 2023<\/p>\n<p>Sundsg\u00e5rden hotell &amp; konferens \u00d6rbyv\u00e4gen 10 Helsingborg<\/p>\n<p>Start L\u00f6rdag 09:00 &#8211; Slut S\u00f6ndag 11:30<\/p>\n<p>&nbsp;<\/p>\n<\/div>\n<p>Skriv ut\/visa upp biljett via mobil p\u00e5 Sundsg\u00e5rden vid ankomst<\/p>\n<p>Vid k\u00f6p av All inclusive biljett kontakta Sundsg\u00e5rden tel 042-193816 eller maila annika.holmberg@sundsgarden.se f\u00f6r att meddela om du \u00f6nskar enkelrum eller del i dubbelrum och eventuella allergier, ange ditt biljettnummer och namn. Om del i dubbelrum meddela vem du ska dela med.<\/p>\n<p>&nbsp;<\/p>\n<p>Varmt v\u00e4lkommen precis s\u00e5 som du \u00e4r!<\/p>","protected":false},"excerpt":{"rendered":"<p>2- dagars Workshop\/Retreat biljett 1-2april 2023 &nbsp; Alla workshops ing\u00e5r (f\u00f6r mat och \u00f6vernattning v\u00e4lj All inclusive biljetten): Start L\u00f6rdag 1 april kl 09:00 Workshop Lunch Workshop Eftermiddagsfika Workshop 1-r\u00e4tts middag Workshop logi i enkelrum\/del i dubbelrum S\u00f6ndag 2 april Frukost workshop Slut 11:30 &nbsp; L\u00f6rdag 1 &#8211; S\u00f6ndag 2 april, 2023 Sundsg\u00e5rden hotell &amp; [&hellip;]<\/p>","protected":false},"featured_media":1466,"template":"","meta":{"om_disable_all_campaigns":false,"_monsterinsights_skip_tracking":false,"_monsterinsights_sitenote_active":false,"_monsterinsights_sitenote_note":"","_monsterinsights_sitenote_category":0},"product_cat":[28],"product_tag":[],"class_list":["post-1342","product","type-product","status-publish","has-post-thumbnail","hentry","product_cat-produkter"],"aioseo_notices":[],"_links":{"self":[{"href":"https:\/\/www.annabursell.com\/en\/wp-json\/wp\/v2\/product\/1342","targetHints":{"allow":["GET"]}}],"collection":[{"href":"https:\/\/www.annabursell.com\/en\/wp-json\/wp\/v2\/product"}],"about":[{"href":"https:\/\/www.annabursell.com\/en\/wp-json\/wp\/v2\/types\/product"}],"wp:featuredmedia":[{"embeddable":true,"href":"https:\/\/www.annabursell.com\/en\/wp-json\/wp\/v2\/media\/1466"}],"wp:attachment":[{"href":"https:\/\/www.annabursell.com\/en\/wp-json\/wp\/v2\/media?parent=1342"}],"wp:term":[{"taxonomy":"product_cat","embeddable":true,"href":"https:\/\/www.annabursell.com\/en\/wp-json\/wp\/v2\/product_cat?post=1342"},{"taxonomy":"product_tag","embeddable":true,"href":"https:\/\/www.annabursell.com\/en\/wp-json\/wp\/v2\/product_tag?post=1342"}],"curies":[{"name":"wp","href":"https:\/\/api.w.org\/{rel}","templated":true}]}}