{"id":1496,"date":"2023-03-20T14:22:32","date_gmt":"2023-03-20T13:22:32","guid":{"rendered":"https:\/\/www.annabursell.com\/?post_type=product&#038;p=1496"},"modified":"2023-05-02T17:11:20","modified_gmt":"2023-05-02T15:11:20","slug":"wellbeing-2-dagars-workshop-biljett-6-7-maj-2023","status":"publish","type":"product","link":"https:\/\/www.annabursell.com\/en\/product\/wellbeing-2-dagars-workshop-biljett-6-7-maj-2023\/","title":{"rendered":"Wellbeing 2 dagars Workshop &#8211; biljett 6-7 Maj 2023"},"content":{"rendered":"<p>&nbsp;<\/p>\n<p>Program:<\/p>\n<p>Start L\u00f6rdag 6 maj kl 09:00<br \/>\nWorkshop<br \/>\nLunch<br \/>\nWorkshop<br \/>\nEtermiddagsfika<br \/>\nWorkshop<br \/>\nMiddag<br \/>\nWorkshop<\/p>\n<p>S\u00f6ndag 7 maj<br \/>\nFrukost<br \/>\nworkshop<br \/>\nSlut 11:30<\/p>\n<p>&nbsp;<\/p>\n<div>\n<p>L\u00f6rdag 6 &#8211; S\u00f6ndag 7 maj, 2023<\/p>\n<p>Hotel 1622<br \/>\nYtter\u00f6v\u00e4gen 167<br \/>\n257 31 Rydeb\u00e4ck<\/p>\n<p>Start L\u00f6rdag 09:00 &#8211; Slut S\u00f6ndag 11:30<\/p>\n<\/div>\n<p>Efter k\u00f6p av biljett kontakta Hotell 1622 om du \u00f6nskar k\u00f6pa till fika\/m\u00e5ltider + \u00f6vernattning.<br \/>\nWorkshop biljetter g\u00e4ller endast 2 dagars workshop.<br \/>\nKontakt Hotell 1622 <strong>Reception<\/strong>:\u00a0 \u00a0 \u00a00738 22 99 43<br \/>\nwww.hotell1622.se<\/p>\n<p>&nbsp;<\/p>\n<p>Varmt v\u00e4lkommen precis s\u00e5 som du \u00e4r!<\/p>","protected":false},"excerpt":{"rendered":"<p>&nbsp; Program: Start L\u00f6rdag 6 maj kl 09:00 Workshop Lunch Workshop Etermiddagsfika Workshop Middag Workshop S\u00f6ndag 7 maj Frukost workshop Slut 11:30 &nbsp; L\u00f6rdag 6 &#8211; S\u00f6ndag 7 maj, 2023 Hotel 1622 Ytter\u00f6v\u00e4gen 167 257 31 Rydeb\u00e4ck Start L\u00f6rdag 09:00 &#8211; Slut S\u00f6ndag 11:30 Efter k\u00f6p av biljett kontakta Hotell 1622 om du \u00f6nskar k\u00f6pa [&hellip;]<\/p>","protected":false},"featured_media":1498,"template":"","meta":{"om_disable_all_campaigns":false,"_monsterinsights_skip_tracking":false,"_monsterinsights_sitenote_active":false,"_monsterinsights_sitenote_note":"","_monsterinsights_sitenote_category":0},"product_cat":[28],"product_tag":[],"class_list":["post-1496","product","type-product","status-publish","has-post-thumbnail","hentry","product_cat-produkter"],"aioseo_notices":[],"_links":{"self":[{"href":"https:\/\/www.annabursell.com\/en\/wp-json\/wp\/v2\/product\/1496","targetHints":{"allow":["GET"]}}],"collection":[{"href":"https:\/\/www.annabursell.com\/en\/wp-json\/wp\/v2\/product"}],"about":[{"href":"https:\/\/www.annabursell.com\/en\/wp-json\/wp\/v2\/types\/product"}],"wp:featuredmedia":[{"embeddable":true,"href":"https:\/\/www.annabursell.com\/en\/wp-json\/wp\/v2\/media\/1498"}],"wp:attachment":[{"href":"https:\/\/www.annabursell.com\/en\/wp-json\/wp\/v2\/media?parent=1496"}],"wp:term":[{"taxonomy":"product_cat","embeddable":true,"href":"https:\/\/www.annabursell.com\/en\/wp-json\/wp\/v2\/product_cat?post=1496"},{"taxonomy":"product_tag","embeddable":true,"href":"https:\/\/www.annabursell.com\/en\/wp-json\/wp\/v2\/product_tag?post=1496"}],"curies":[{"name":"wp","href":"https:\/\/api.w.org\/{rel}","templated":true}]}}