{"id":210,"date":"2022-05-19T10:55:08","date_gmt":"2022-05-19T10:55:08","guid":{"rendered":"https:\/\/www.annabursell.com\/produkt\/hoodie-with-logo\/"},"modified":"2022-09-22T18:30:19","modified_gmt":"2022-09-22T18:30:19","slug":"hoodie-with-logo","status":"publish","type":"product","link":"https:\/\/www.annabursell.com\/en\/product\/hoodie-with-logo\/","title":{"rendered":"Heart Angel \u2013 Necklace"},"content":{"rendered":"<p>The Heart Angel halsband beskrivning<br \/>\n&#8211; Tillverkad i vackert 925 silver<br \/>\n&#8211; Kedjan \u00e4r justerbar, totalt 16,53 tum\/42 cm<br \/>\n&#8211; Kedjan \u00e4r (totalt 42cm) 37cm + 5cm \u00e4r justerbar<br \/>\n&#8211; Vi levererar \u00f6ver hela v\u00e4rlden<\/p>","protected":false},"excerpt":{"rendered":"<p>The necklace is meant to be worn with gratitude and\u00a0as a symbol of love and the spiritual journey that it entails to expand your Wellbeing. Anna noticed that many of her stars, as she calls her clients, saw symbols of a heart that stands for their transformation in their sessions. When Anna designed the necklace, it was both for herself and for you who want a reminder in everyday life that love is everywhere, inside us.\n\nThe message is \"You are loved\"\n\u00a0\nThe Heart Angel necklace description\n- Made in beautiful 925 Silver\n- The chain is adjustable, in total 16,53 inches\/42 cm\u00a0\n- The chain is\u00a0 (total 42cm) 37cm + 5cm is adjustable\n- We ship world wide<\/p>\n<p>Budskapet \u00e4r &#8221;Du \u00e4r \u00e4lskad&#8221;<\/p>","protected":false},"featured_media":211,"template":"","meta":{"om_disable_all_campaigns":false,"_monsterinsights_skip_tracking":false,"_monsterinsights_sitenote_active":false,"_monsterinsights_sitenote_note":"","_monsterinsights_sitenote_category":0},"product_cat":[28],"product_tag":[],"class_list":["post-210","product","type-product","status-publish","has-post-thumbnail","hentry","product_cat-produkter"],"aioseo_notices":[],"_links":{"self":[{"href":"https:\/\/www.annabursell.com\/en\/wp-json\/wp\/v2\/product\/210","targetHints":{"allow":["GET"]}}],"collection":[{"href":"https:\/\/www.annabursell.com\/en\/wp-json\/wp\/v2\/product"}],"about":[{"href":"https:\/\/www.annabursell.com\/en\/wp-json\/wp\/v2\/types\/product"}],"wp:featuredmedia":[{"embeddable":true,"href":"https:\/\/www.annabursell.com\/en\/wp-json\/wp\/v2\/media\/211"}],"wp:attachment":[{"href":"https:\/\/www.annabursell.com\/en\/wp-json\/wp\/v2\/media?parent=210"}],"wp:term":[{"taxonomy":"product_cat","embeddable":true,"href":"https:\/\/www.annabursell.com\/en\/wp-json\/wp\/v2\/product_cat?post=210"},{"taxonomy":"product_tag","embeddable":true,"href":"https:\/\/www.annabursell.com\/en\/wp-json\/wp\/v2\/product_tag?post=210"}],"curies":[{"name":"wp","href":"https:\/\/api.w.org\/{rel}","templated":true}]}}